{"id":903,"date":"2020-10-20T12:23:17","date_gmt":"2020-10-20T09:23:17","guid":{"rendered":"https:\/\/www.grafas.org\/demo01\/?page_id=903"},"modified":"2022-08-18T16:45:10","modified_gmt":"2022-08-18T13:45:10","slug":"418-norman-street","status":"publish","type":"page","link":"https:\/\/afgkule.com\/?page_id=903","title":{"rendered":"Hakk\u0131m\u0131zda"},"content":{"rendered":"\t\t<div data-elementor-type=\"wp-page\" data-elementor-id=\"903\" class=\"elementor elementor-903\">\n\t\t\t\t\t\t<section class=\"elementor-section elementor-top-section elementor-element elementor-element-8828dd8 elementor-section-height-min-height elementor-section-items-bottom elementor-section-full_width elementor-section-height-default\" data-id=\"8828dd8\" data-element_type=\"section\" data-settings=\"{&quot;background_background&quot;:&quot;slideshow&quot;,&quot;background_slideshow_gallery&quot;:[{&quot;id&quot;:1356,&quot;url&quot;:&quot;http:\\\/\\\/afgkule.com\\\/wp-content\\\/uploads\\\/2022\\\/08\\\/low-angle-shot-blue-high-rise-buildings-scaled.jpg&quot;},{&quot;id&quot;:1357,&quot;url&quot;:&quot;http:\\\/\\\/afgkule.com\\\/wp-content\\\/uploads\\\/2022\\\/08\\\/low-angle-shot-high-rise-buildings-clear-sky-frankfurt-germany-scaled.jpg&quot;},{&quot;id&quot;:1358,&quot;url&quot;:&quot;http:\\\/\\\/afgkule.com\\\/wp-content\\\/uploads\\\/2022\\\/08\\\/low-angle-shot-tall-high-rise-modern-business-building-with-clear-sky-scaled.jpg&quot;},{&quot;id&quot;:1359,&quot;url&quot;:&quot;http:\\\/\\\/afgkule.com\\\/wp-content\\\/uploads\\\/2022\\\/08\\\/modern-business-center-scaled.jpg&quot;}],&quot;background_slideshow_loop&quot;:&quot;yes&quot;,&quot;background_slideshow_slide_duration&quot;:5000,&quot;background_slideshow_slide_transition&quot;:&quot;fade&quot;,&quot;background_slideshow_transition_duration&quot;:500}\">\n\t\t\t\t\t\t\t<div class=\"elementor-background-overlay\"><\/div>\n\t\t\t\t\t\t\t<div class=\"elementor-container elementor-column-gap-default\">\n\t\t\t\t\t<div class=\"elementor-column elementor-col-100 elementor-top-column elementor-element elementor-element-6d43801\" data-id=\"6d43801\" data-element_type=\"column\">\n\t\t\t<div class=\"elementor-widget-wrap elementor-element-populated\">\n\t\t\t\t\t\t<section class=\"elementor-section elementor-inner-section elementor-element elementor-element-e8a5bad elementor-section-full_width elementor-section-height-default elementor-section-height-default\" data-id=\"e8a5bad\" data-element_type=\"section\" data-settings=\"{&quot;background_background&quot;:&quot;gradient&quot;}\">\n\t\t\t\t\t\t\t<div class=\"elementor-background-overlay\"><\/div>\n\t\t\t\t\t\t\t<div class=\"elementor-container elementor-column-gap-default\">\n\t\t\t\t\t<div class=\"elementor-column elementor-col-100 elementor-inner-column elementor-element elementor-element-1d8ac37\" data-id=\"1d8ac37\" data-element_type=\"column\">\n\t\t\t<div class=\"elementor-widget-wrap elementor-element-populated\">\n\t\t\t\t\t\t<div class=\"elementor-element elementor-element-31c8d6d elementor-widget elementor-widget-heading\" data-id=\"31c8d6d\" data-element_type=\"widget\" data-widget_type=\"heading.default\">\n\t\t\t\t<div class=\"elementor-widget-container\">\n\t\t\t<style>\/*! elementor - v3.23.0 - 05-08-2024 *\/\n.elementor-heading-title{padding:0;margin:0;line-height:1}.elementor-widget-heading .elementor-heading-title[class*=elementor-size-]>a{color:inherit;font-size:inherit;line-height:inherit}.elementor-widget-heading .elementor-heading-title.elementor-size-small{font-size:15px}.elementor-widget-heading .elementor-heading-title.elementor-size-medium{font-size:19px}.elementor-widget-heading .elementor-heading-title.elementor-size-large{font-size:29px}.elementor-widget-heading .elementor-heading-title.elementor-size-xl{font-size:39px}.elementor-widget-heading .elementor-heading-title.elementor-size-xxl{font-size:59px}<\/style><h2 class=\"elementor-heading-title elementor-size-default\">AFG KULE<br>GAYR\u0130MENKUL<br>DANI\u015eMANLIK<\/h2>\t\t<\/div>\n\t\t\t\t<\/div>\n\t\t\t\t\t<\/div>\n\t\t<\/div>\n\t\t\t\t\t<\/div>\n\t\t<\/section>\n\t\t\t\t\t<\/div>\n\t\t<\/div>\n\t\t\t\t\t<\/div>\n\t\t<\/section>\n\t\t\t\t<section class=\"elementor-section elementor-top-section elementor-element elementor-element-bb2bcb0 elementor-section-boxed elementor-section-height-default elementor-section-height-default\" data-id=\"bb2bcb0\" data-element_type=\"section\" id=\"info\">\n\t\t\t\t\t\t<div class=\"elementor-container elementor-column-gap-default\">\n\t\t\t\t\t<div class=\"elementor-column elementor-col-100 elementor-top-column elementor-element elementor-element-4444ff6\" data-id=\"4444ff6\" data-element_type=\"column\">\n\t\t\t<div class=\"elementor-widget-wrap elementor-element-populated\">\n\t\t\t\t\t\t<div class=\"elementor-element elementor-element-76ca783 elementor-widget elementor-widget-text-editor\" data-id=\"76ca783\" data-element_type=\"widget\" data-widget_type=\"text-editor.default\">\n\t\t\t\t<div class=\"elementor-widget-container\">\n\t\t\t<style>\/*! elementor - v3.23.0 - 05-08-2024 *\/\n.elementor-widget-text-editor.elementor-drop-cap-view-stacked .elementor-drop-cap{background-color:#69727d;color:#fff}.elementor-widget-text-editor.elementor-drop-cap-view-framed .elementor-drop-cap{color:#69727d;border:3px solid;background-color:transparent}.elementor-widget-text-editor:not(.elementor-drop-cap-view-default) .elementor-drop-cap{margin-top:8px}.elementor-widget-text-editor:not(.elementor-drop-cap-view-default) .elementor-drop-cap-letter{width:1em;height:1em}.elementor-widget-text-editor .elementor-drop-cap{float:left;text-align:center;line-height:1;font-size:50px}.elementor-widget-text-editor .elementor-drop-cap-letter{display:inline-block}<\/style>\t\t\t\t<p><span style=\"color: #888888; font-family: Roboto, sans-serif; text-align: justify;\">&nbsp; &nbsp; AFG Kule Gayrimenkul G\u00f6khan \u00d6ZT\u00dcRK taraf\u0131ndan kurulmu\u015f olup, 2020 y\u0131l\u0131ndan beri Sincan, Etimesgut, Yenimahalle, \u00c7ankaya, Mamak ve T\u00fcm Ankara\u2019da gayrimenkul hizmetinde bulunmaktad\u0131r.&nbsp;<\/span><\/p>\n<p><br style=\"color: #888888; font-family: Roboto, sans-serif; text-align: justify;\"><span style=\"color: #888888; font-family: Roboto, sans-serif; text-align: justify;\">&nbsp; &nbsp; &nbsp; G\u00fcncel pazarlama stratejilerine an\u0131nda cevap veren bir ekibe sahiptir. Bir gayrimenkul\u00fcn pazarlamas\u0131ndan sat\u0131\u015f\/kiralama sonu\u00e7lanmas\u0131 devir i\u015flemlerinin sorunsuz ve g\u00fcven ortam\u0131nda bitirilmesine kadar hizmet vermektedir.<\/span><br style=\"color: #888888; font-family: Roboto, sans-serif; text-align: justify;\"><br style=\"color: #888888; font-family: Roboto, sans-serif; text-align: justify;\"><span style=\"color: #888888; font-family: Roboto, sans-serif; text-align: justify;\">&nbsp; &nbsp; AFG KULE Gayrimenkul, Ankara&#8217;da ve T\u00fcm T\u00fcrkiye&#8217;de&nbsp;insanlar\u0131n gayrimenkul yat\u0131r\u0131m\u0131 yaparken kar\u015f\u0131la\u015ft\u0131klar\u0131 sorunlara modern teknoloji ve m\u00fckemmel hizmet anlay\u0131\u015f\u0131 ile gelece\u011fin&nbsp;\u00e7\u00f6z\u00fcmlerini getirmek ve gayrimenkul dan\u0131\u015fmanl\u0131\u011f\u0131 anlay\u0131\u015f\u0131n\u0131 k\u00f6kten de\u011fi\u015ftirmek i\u00e7in kuruldu.<\/span><\/p>\t\t\t\t\t\t<\/div>\n\t\t\t\t<\/div>\n\t\t\t\t\t<\/div>\n\t\t<\/div>\n\t\t\t\t\t<\/div>\n\t\t<\/section>\n\t\t\t\t<\/div>\n\t\t","protected":false},"excerpt":{"rendered":"<p>AFG KULEGAYR\u0130MENKULDANI\u015eMANLIK &nbsp; &nbsp; AFG Kule Gayrimenkul G\u00f6khan \u00d6ZT\u00dcRK taraf\u0131ndan kurulmu\u015f olup, 2020 y\u0131l\u0131ndan beri Sincan, Etimesgut, Yenimahalle, \u00c7ankaya, Mamak ve T\u00fcm Ankara\u2019da gayrimenkul hizmetinde bulunmaktad\u0131r.&nbsp; &nbsp; &nbsp; &nbsp; G\u00fcncel pazarlama stratejilerine an\u0131nda cevap veren bir ekibe sahiptir. Bir gayrimenkul\u00fcn pazarlamas\u0131ndan sat\u0131\u015f\/kiralama sonu\u00e7lanmas\u0131 devir i\u015flemlerinin sorunsuz ve g\u00fcven ortam\u0131nda bitirilmesine kadar hizmet vermektedir.&nbsp; &nbsp; AFG&#8230;<\/p>\n","protected":false},"author":1,"featured_media":0,"parent":0,"menu_order":0,"comment_status":"closed","ping_status":"closed","template":"elementor_header_footer","meta":{"_kad_post_transparent":"","_kad_post_title":"hide","_kad_post_layout":"normal","_kad_post_sidebar_id":"","_kad_post_content_style":"unboxed","_kad_post_vertical_padding":"hide","_kad_post_feature":"hide","_kad_post_feature_position":"","_kad_post_header":false,"_kad_post_footer":false},"_links":{"self":[{"href":"https:\/\/afgkule.com\/index.php?rest_route=\/wp\/v2\/pages\/903"}],"collection":[{"href":"https:\/\/afgkule.com\/index.php?rest_route=\/wp\/v2\/pages"}],"about":[{"href":"https:\/\/afgkule.com\/index.php?rest_route=\/wp\/v2\/types\/page"}],"author":[{"embeddable":true,"href":"https:\/\/afgkule.com\/index.php?rest_route=\/wp\/v2\/users\/1"}],"replies":[{"embeddable":true,"href":"https:\/\/afgkule.com\/index.php?rest_route=%2Fwp%2Fv2%2Fcomments&post=903"}],"version-history":[{"count":11,"href":"https:\/\/afgkule.com\/index.php?rest_route=\/wp\/v2\/pages\/903\/revisions"}],"predecessor-version":[{"id":1369,"href":"https:\/\/afgkule.com\/index.php?rest_route=\/wp\/v2\/pages\/903\/revisions\/1369"}],"wp:attachment":[{"href":"https:\/\/afgkule.com\/index.php?rest_route=%2Fwp%2Fv2%2Fmedia&parent=903"}],"curies":[{"name":"wp","href":"https:\/\/api.w.org\/{rel}","templated":true}]}}